
{"id":854,"date":"2016-10-10T19:54:19","date_gmt":"2016-10-10T18:54:19","guid":{"rendered":"http:\/\/www.stpaulsuryenne.fr\/wordpress\/?page_id=854"},"modified":"2019-10-12T17:32:47","modified_gmt":"2019-10-12T16:32:47","slug":"presentation","status":"publish","type":"page","link":"https:\/\/www.stpaulsuryenne.fr\/wordpress\/presentation\/","title":{"rendered":"Pr\u00e9sentation"},"content":{"rendered":"<div>\n<div style=\"border: 1px #ff006e solid; background: #f5ebf3; border-radius: 10px; padding: 10px; margin-top: 35px; max-width: 400px; float: left;\">\n<h2>L&rsquo;esprit<\/h2>\n<p>La biblioth\u00e8que a \u00e9t\u00e9 pens\u00e9e pour \u00eatre un lieu de vie agr\u00e9able, convivial, qui permet les rencontres et les \u00e9changes. Lumineuse et confortable, elle favorise les moments de d\u00e9tente et de culture.<\/p>\n<\/div>\n<p><img loading=\"lazy\" decoding=\"async\" class=\"alignright wp-image-874 size-full\" style=\"float: left; border-radius: 10px;\" src=\"https:\/\/www.stpaulsuryenne.fr\/wordpress\/wp-content\/uploads\/2016\/10\/Bibliotheque_1.jpg\" width=\"400\" height=\"300\" srcset=\"https:\/\/www.stpaulsuryenne.fr\/wordpress\/wp-content\/uploads\/2016\/10\/Bibliotheque_1.jpg 400w, https:\/\/www.stpaulsuryenne.fr\/wordpress\/wp-content\/uploads\/2016\/10\/Bibliotheque_1-300x225.jpg 300w\" sizes=\"auto, (max-width: 400px) 100vw, 400px\" \/><\/p>\n<h2>&nbsp;<\/h2>\n<p>&nbsp;<\/p>\n<\/div>\n<div style=\"border: 1px #07590a solid; background: #dbede0; border-radius: 10px; padding: 10px; width: 100%; margin-bottom: 50px;\">\n<h2>Le fonds<\/h2>\n<p>Il s&rsquo;est \u00e9toff\u00e9 de dons de particuliers ainsi que d&rsquo;achats. La biblioth\u00e8que poss\u00e8de donc des livres mais en emprunte aussi \u00e0 Savoie-biblio. Ceci permet de gagner en richesse puisque les lecteurs peuvent r\u00e9server des ouvrages parmi un fonds important et vari\u00e9, qui est r\u00e9guli\u00e8rement renouvel\u00e9.Il y a des livres pour adultes et pour enfants. Chaque section poss\u00e8de des romans, des BD, des albums (b\u00e9b\u00e9s et enfants), des documentaires. Il est possible aussi d&#8217;emprunter des CD et quelques ouvrages de presse. R\u00e9guli\u00e8rement des tables th\u00e9matiques sont propos\u00e9es.<br \/>\nEnfin, des jeux de soci\u00e9t\u00e9 sont \u00e0 la disposition des visiteurs qui peuvent jouer pendant les permanences. Ces jeux sont pr\u00eat\u00e9s par \u00ab\u00a0l&rsquo;atelier des jeux\u00a0\u00bb de Yenne et sont renouvel\u00e9s r\u00e9guli\u00e8rement.<\/p>\n<\/div>\n<div>\n<div style=\"border: 1px #ff006e solid; background: #f5ebf3; border-radius: 10px; padding: 10px; max-width: 400px; float: left; margin: 0 50px 50px 0;\">\n<h2>L&rsquo;informatique<\/h2>\n<p>La mise \u00e0 disposition d&rsquo;ordinateurs et de l&rsquo;acc\u00e8s internet est soumise \u00e0 un <a href=\"https:\/\/www.stpaulsuryenne.fr\/wordpress\/wp-content\/uploads\/2019\/10\/Reglement-Interieur_Rezolire.pdf\" target=\"_blank\" rel=\"noopener noreferrer\">r\u00e8glement<\/a> . Les mineurs n&rsquo;y ont acc\u00e8s qu&rsquo;avec une autorisation parentale.<br \/>\nIl est n\u00e9cessaire de s&rsquo;inscrire aupr\u00e8s des b\u00e9n\u00e9voles. La dur\u00e9e de consultation est d&rsquo;1\/2 heure.<\/p>\n<\/div>\n<div style=\"border: 1px #ff006e solid; background: #f5ebf3; border-radius: 10px; padding: 10px; max-width: 300px; float: left;\">\n<h2>L&rsquo;\u00e9quipe<\/h2>\n<p>8 b\u00e9n\u00e9voles g\u00e8rent la biblioth\u00e8que. Elles sont en charge des permanences, du fond et des animations. En lien avec l&rsquo;\u00e9quipe municipale, elles ont \u00e0 c\u0153ur de faire vivre la biblioth\u00e8que et sont garantes de la <a href=\"https:\/\/www.stpaulsuryenne.fr\/wordpress\/wp-content\/uploads\/2016\/10\/Charte-du-bon-lecteur.pdf\" target=\"_blank\" rel=\"noopener noreferrer\">charte du bon lecteur<\/a>.<\/p>\n<\/div>\n<\/div>\n","protected":false},"excerpt":{"rendered":"<p>L&rsquo;esprit La biblioth\u00e8que a \u00e9t\u00e9 pens\u00e9e pour \u00eatre un lieu de vie agr\u00e9able, convivial, qui permet les rencontres et les \u00e9changes. Lumineuse et confortable, elle favorise les moments de d\u00e9tente et de culture. &nbsp; &nbsp; Le fonds Il s&rsquo;est \u00e9toff\u00e9 de dons de particuliers ainsi que d&rsquo;achats. La biblioth\u00e8que poss\u00e8de donc des livres mais en &hellip; <a href=\"https:\/\/www.stpaulsuryenne.fr\/wordpress\/presentation\/\" class=\"more-link\">Continuer la lecture de <span class=\"screen-reader-text\">Pr\u00e9sentation<\/span> <span class=\"meta-nav\">&rarr;<\/span><\/a><\/p>\n","protected":false},"author":1,"featured_media":0,"parent":0,"menu_order":0,"comment_status":"closed","ping_status":"closed","template":"","meta":{"ngg_post_thumbnail":0,"footnotes":""},"class_list":["post-854","page","type-page","status-publish","hentry"],"_links":{"self":[{"href":"https:\/\/www.stpaulsuryenne.fr\/wordpress\/wp-json\/wp\/v2\/pages\/854","targetHints":{"allow":["GET"]}}],"collection":[{"href":"https:\/\/www.stpaulsuryenne.fr\/wordpress\/wp-json\/wp\/v2\/pages"}],"about":[{"href":"https:\/\/www.stpaulsuryenne.fr\/wordpress\/wp-json\/wp\/v2\/types\/page"}],"author":[{"embeddable":true,"href":"https:\/\/www.stpaulsuryenne.fr\/wordpress\/wp-json\/wp\/v2\/users\/1"}],"replies":[{"embeddable":true,"href":"https:\/\/www.stpaulsuryenne.fr\/wordpress\/wp-json\/wp\/v2\/comments?post=854"}],"version-history":[{"count":80,"href":"https:\/\/www.stpaulsuryenne.fr\/wordpress\/wp-json\/wp\/v2\/pages\/854\/revisions"}],"predecessor-version":[{"id":2889,"href":"https:\/\/www.stpaulsuryenne.fr\/wordpress\/wp-json\/wp\/v2\/pages\/854\/revisions\/2889"}],"wp:attachment":[{"href":"https:\/\/www.stpaulsuryenne.fr\/wordpress\/wp-json\/wp\/v2\/media?parent=854"}],"curies":[{"name":"wp","href":"https:\/\/api.w.org\/{rel}","templated":true}]}}