
{"id":5,"date":"2015-09-10T20:38:00","date_gmt":"2015-09-10T19:38:00","guid":{"rendered":"http:\/\/www.stpaulsuryenne.fr\/wordpress\/?page_id=5"},"modified":"2020-10-02T17:54:57","modified_gmt":"2020-10-02T16:54:57","slug":"saint-paul-sur-yenne","status":"publish","type":"page","link":"https:\/\/www.stpaulsuryenne.fr\/wordpress\/","title":{"rendered":"Saint Paul sur Yenne"},"content":{"rendered":"<p style=\"text-align: justify;\"><span style=\"font-family: times new roman,times,serif; font-size: 14pt;\"><em>Saint Paul sur Yenne accueille plus de 700 habitants. Les habitations sont r\u00e9parties dans de nombreux hameaux. Le chef lieu regroupe la mairie, la salle des f\u00eates, l&rsquo;\u00e9cole et la biblioth\u00e8que situ\u00e9e dans l&rsquo;ancienne cure fra\u00eechement r\u00e9nov\u00e9e.<\/em><\/span><br \/>\n<span style=\"font-family: times new roman,times,serif; font-size: 14pt;\"> Le village se s<em>itue \u00e0 430 m d&rsquo;altitude au pied de la Dent du Chat qui culmine \u00e0 1390 m.<\/em><\/span><\/p>\n<p><img loading=\"lazy\" decoding=\"async\" class=\"aligncenter wp-image-808 size-full\" src=\"https:\/\/www.stpaulsuryenne.fr\/wordpress\/wp-content\/uploads\/2015\/09\/Pelemele_site.jpg\" width=\"644\" height=\"482\" srcset=\"https:\/\/www.stpaulsuryenne.fr\/wordpress\/wp-content\/uploads\/2015\/09\/Pelemele_site.jpg 644w, https:\/\/www.stpaulsuryenne.fr\/wordpress\/wp-content\/uploads\/2015\/09\/Pelemele_site-300x225.jpg 300w\" sizes=\"auto, (max-width: 644px) 100vw, 644px\" \/><\/p>\n<p><span style=\"font-family: times new roman,times,serif;\"><em><span style=\"font-size: 14pt;\">Au mois de janvier, pour la Saint Paul , la tradition veut que les nombreux fours du village soient rallum\u00e9s le temps d\u2019un week-end.<\/span><\/em><\/span><\/p>\n<figure id=\"attachment_1086\" aria-describedby=\"caption-attachment-1086\" style=\"width: 253px\" class=\"wp-caption alignleft\"><img loading=\"lazy\" decoding=\"async\" class=\"wp-image-1086\" src=\"https:\/\/www.stpaulsuryenne.fr\/wordpress\/wp-content\/uploads\/2015\/09\/Ext_Four_Callamand.jpg\" width=\"253\" height=\"190\" srcset=\"https:\/\/www.stpaulsuryenne.fr\/wordpress\/wp-content\/uploads\/2015\/09\/Ext_Four_Callamand.jpg 400w, https:\/\/www.stpaulsuryenne.fr\/wordpress\/wp-content\/uploads\/2015\/09\/Ext_Four_Callamand-300x225.jpg 300w\" sizes=\"auto, (max-width: 253px) 100vw, 253px\" \/><figcaption id=\"caption-attachment-1086\" class=\"wp-caption-text\">Le four Callamand<\/figcaption><\/figure>\n<figure id=\"attachment_1085\" aria-describedby=\"caption-attachment-1085\" style=\"width: 318px\" class=\"wp-caption alignright\"><img loading=\"lazy\" decoding=\"async\" class=\"wp-image-1085\" src=\"https:\/\/www.stpaulsuryenne.fr\/wordpress\/wp-content\/uploads\/2015\/09\/Feu_Four_Callamand.jpg\" width=\"318\" height=\"190\" srcset=\"https:\/\/www.stpaulsuryenne.fr\/wordpress\/wp-content\/uploads\/2015\/09\/Feu_Four_Callamand.jpg 600w, https:\/\/www.stpaulsuryenne.fr\/wordpress\/wp-content\/uploads\/2015\/09\/Feu_Four_Callamand-300x179.jpg 300w\" sizes=\"auto, (max-width: 318px) 100vw, 318px\" \/><figcaption id=\"caption-attachment-1085\" class=\"wp-caption-text\">La chauffe du four avec des sarments<\/figcaption><\/figure>\n","protected":false},"excerpt":{"rendered":"<p>Saint Paul sur Yenne accueille plus de 700 habitants. Les habitations sont r\u00e9parties dans de nombreux hameaux. Le chef lieu regroupe la mairie, la salle des f\u00eates, l&rsquo;\u00e9cole et la biblioth\u00e8que situ\u00e9e dans l&rsquo;ancienne cure fra\u00eechement r\u00e9nov\u00e9e. Le village se situe \u00e0 430 m d&rsquo;altitude au pied de la Dent du Chat qui culmine \u00e0 &hellip; <a href=\"https:\/\/www.stpaulsuryenne.fr\/wordpress\/\" class=\"more-link\">Continuer la lecture de <span class=\"screen-reader-text\">Saint Paul sur Yenne<\/span> <span class=\"meta-nav\">&rarr;<\/span><\/a><\/p>\n","protected":false},"author":1,"featured_media":0,"parent":0,"menu_order":0,"comment_status":"closed","ping_status":"closed","template":"","meta":{"ngg_post_thumbnail":0,"footnotes":""},"class_list":["post-5","page","type-page","status-publish","hentry"],"_links":{"self":[{"href":"https:\/\/www.stpaulsuryenne.fr\/wordpress\/wp-json\/wp\/v2\/pages\/5","targetHints":{"allow":["GET"]}}],"collection":[{"href":"https:\/\/www.stpaulsuryenne.fr\/wordpress\/wp-json\/wp\/v2\/pages"}],"about":[{"href":"https:\/\/www.stpaulsuryenne.fr\/wordpress\/wp-json\/wp\/v2\/types\/page"}],"author":[{"embeddable":true,"href":"https:\/\/www.stpaulsuryenne.fr\/wordpress\/wp-json\/wp\/v2\/users\/1"}],"replies":[{"embeddable":true,"href":"https:\/\/www.stpaulsuryenne.fr\/wordpress\/wp-json\/wp\/v2\/comments?post=5"}],"version-history":[{"count":94,"href":"https:\/\/www.stpaulsuryenne.fr\/wordpress\/wp-json\/wp\/v2\/pages\/5\/revisions"}],"predecessor-version":[{"id":3019,"href":"https:\/\/www.stpaulsuryenne.fr\/wordpress\/wp-json\/wp\/v2\/pages\/5\/revisions\/3019"}],"wp:attachment":[{"href":"https:\/\/www.stpaulsuryenne.fr\/wordpress\/wp-json\/wp\/v2\/media?parent=5"}],"curies":[{"name":"wp","href":"https:\/\/api.w.org\/{rel}","templated":true}]}}