
{"id":2763,"date":"2019-07-17T15:49:34","date_gmt":"2019-07-17T14:49:34","guid":{"rendered":"http:\/\/www.stpaulsuryenne.fr\/wordpress\/?page_id=2763"},"modified":"2019-12-09T21:05:48","modified_gmt":"2019-12-09T20:05:48","slug":"presentation-et-reservation","status":"publish","type":"page","link":"https:\/\/www.stpaulsuryenne.fr\/wordpress\/presentation-et-reservation\/","title":{"rendered":"Pr\u00e9sentation et r\u00e9servation"},"content":{"rendered":"<h2>Bienvenue au g\u00eete du Miron<\/h2>\n<p>Notre g\u00eete de 10 places vous accueille dans un b\u00e2timent de caract\u00e8re, labellis\u00e9 G\u00eetes de France et class\u00e9 3 \u00e9pis. Dans un cadre campagnard, au pied de la Dent du Chat et tout proche des grands lacs de Savoie, votre s\u00e9jour pourra \u00eatre sportif, festif ou culturel.<\/p>\n<p><a href=\"https:\/\/www.stpaulsuryenne.fr\/wordpress\/wp-content\/uploads\/2019\/12\/Gite_Site-1.jpg\"><img loading=\"lazy\" decoding=\"async\" class=\"wp-image-2924 size-large aligncenter\" src=\"https:\/\/www.stpaulsuryenne.fr\/wordpress\/wp-content\/uploads\/2019\/12\/Gite_Site-1-1024x562.jpg\" alt=\"\" width=\"604\" height=\"331\" srcset=\"https:\/\/www.stpaulsuryenne.fr\/wordpress\/wp-content\/uploads\/2019\/12\/Gite_Site-1-1024x562.jpg 1024w, https:\/\/www.stpaulsuryenne.fr\/wordpress\/wp-content\/uploads\/2019\/12\/Gite_Site-1-300x165.jpg 300w, https:\/\/www.stpaulsuryenne.fr\/wordpress\/wp-content\/uploads\/2019\/12\/Gite_Site-1-768x422.jpg 768w, https:\/\/www.stpaulsuryenne.fr\/wordpress\/wp-content\/uploads\/2019\/12\/Gite_Site-1.jpg 1200w\" sizes=\"auto, (max-width: 604px) 100vw, 604px\" \/><\/a><\/p>\n<p style=\"text-align: center;\">Lors d\u2019une ribouldingue \u00e0 la salle des f\u00eates, le g\u00eete vous offre l\u2019avantage de dormir sur place.<\/p>\n<p><a href=\"https:\/\/www.stpaulsuryenne.fr\/wordpress\/wp-content\/uploads\/2019\/12\/Gite_Site-2.jpg\"><img loading=\"lazy\" decoding=\"async\" class=\"alignleft size-medium wp-image-2925\" src=\"https:\/\/www.stpaulsuryenne.fr\/wordpress\/wp-content\/uploads\/2019\/12\/Gite_Site-2-169x300.jpg\" alt=\"\" width=\"169\" height=\"300\" srcset=\"https:\/\/www.stpaulsuryenne.fr\/wordpress\/wp-content\/uploads\/2019\/12\/Gite_Site-2-169x300.jpg 169w, https:\/\/www.stpaulsuryenne.fr\/wordpress\/wp-content\/uploads\/2019\/12\/Gite_Site-2-576x1024.jpg 576w, https:\/\/www.stpaulsuryenne.fr\/wordpress\/wp-content\/uploads\/2019\/12\/Gite_Site-2-768x1365.jpg 768w, https:\/\/www.stpaulsuryenne.fr\/wordpress\/wp-content\/uploads\/2019\/12\/Gite_Site-2.jpg 800w\" sizes=\"auto, (max-width: 169px) 100vw, 169px\" \/><\/a><a href=\"https:\/\/www.stpaulsuryenne.fr\/wordpress\/wp-content\/uploads\/2019\/12\/Gite_Site-4.jpg\"><img loading=\"lazy\" decoding=\"async\" class=\"size-medium wp-image-2927 alignright\" src=\"https:\/\/www.stpaulsuryenne.fr\/wordpress\/wp-content\/uploads\/2019\/12\/Gite_Site-4-176x300.jpg\" alt=\"\" width=\"176\" height=\"300\" srcset=\"https:\/\/www.stpaulsuryenne.fr\/wordpress\/wp-content\/uploads\/2019\/12\/Gite_Site-4-176x300.jpg 176w, https:\/\/www.stpaulsuryenne.fr\/wordpress\/wp-content\/uploads\/2019\/12\/Gite_Site-4.jpg 500w\" sizes=\"auto, (max-width: 176px) 100vw, 176px\" \/><\/a><br \/>\nLe label v\u00e9lo et le label p\u00eache vous assurent des conditions optimales pour vos passions. Un local ferm\u00e9 est \u00e0 votre disposition avec le mat\u00e9riel n\u00e9cessaire.<br \/>\nPlusieurs boucles de randonn\u00e9es passent \u00e9galement \u00e0 proximit\u00e9 du g\u00eete.<br \/>\n&nbsp;<br \/>\nWi Fi<\/p>\n<p>Draps et serviettes fournis<br \/>\nPour tout autre renseignement ou pour une r\u00e9servation, merci de contacter la mairie (04 79 36 81 04)<\/p>\n","protected":false},"excerpt":{"rendered":"<p>Bienvenue au g\u00eete du Miron Notre g\u00eete de 10 places vous accueille dans un b\u00e2timent de caract\u00e8re, labellis\u00e9 G\u00eetes de France et class\u00e9 3 \u00e9pis. Dans un cadre campagnard, au pied de la Dent du Chat et tout proche des grands lacs de Savoie, votre s\u00e9jour pourra \u00eatre sportif, festif ou culturel. Lors d\u2019une ribouldingue &hellip; <a href=\"https:\/\/www.stpaulsuryenne.fr\/wordpress\/presentation-et-reservation\/\" class=\"more-link\">Continuer la lecture de <span class=\"screen-reader-text\">Pr\u00e9sentation et r\u00e9servation<\/span> <span class=\"meta-nav\">&rarr;<\/span><\/a><\/p>\n","protected":false},"author":1,"featured_media":0,"parent":0,"menu_order":0,"comment_status":"closed","ping_status":"closed","template":"","meta":{"ngg_post_thumbnail":0,"footnotes":""},"class_list":["post-2763","page","type-page","status-publish","hentry"],"_links":{"self":[{"href":"https:\/\/www.stpaulsuryenne.fr\/wordpress\/wp-json\/wp\/v2\/pages\/2763","targetHints":{"allow":["GET"]}}],"collection":[{"href":"https:\/\/www.stpaulsuryenne.fr\/wordpress\/wp-json\/wp\/v2\/pages"}],"about":[{"href":"https:\/\/www.stpaulsuryenne.fr\/wordpress\/wp-json\/wp\/v2\/types\/page"}],"author":[{"embeddable":true,"href":"https:\/\/www.stpaulsuryenne.fr\/wordpress\/wp-json\/wp\/v2\/users\/1"}],"replies":[{"embeddable":true,"href":"https:\/\/www.stpaulsuryenne.fr\/wordpress\/wp-json\/wp\/v2\/comments?post=2763"}],"version-history":[{"count":25,"href":"https:\/\/www.stpaulsuryenne.fr\/wordpress\/wp-json\/wp\/v2\/pages\/2763\/revisions"}],"predecessor-version":[{"id":2949,"href":"https:\/\/www.stpaulsuryenne.fr\/wordpress\/wp-json\/wp\/v2\/pages\/2763\/revisions\/2949"}],"wp:attachment":[{"href":"https:\/\/www.stpaulsuryenne.fr\/wordpress\/wp-json\/wp\/v2\/media?parent=2763"}],"curies":[{"name":"wp","href":"https:\/\/api.w.org\/{rel}","templated":true}]}}