
{"id":23,"date":"2015-09-10T20:42:46","date_gmt":"2015-09-10T19:42:46","guid":{"rendered":"http:\/\/www.stpaulsuryenne.fr\/wordpress\/?page_id=23"},"modified":"2018-07-28T13:24:06","modified_gmt":"2018-07-28T12:24:06","slug":"les-temps-periscolaires","status":"publish","type":"page","link":"https:\/\/www.stpaulsuryenne.fr\/wordpress\/les-temps-periscolaires\/","title":{"rendered":"Les temps p\u00e9riscolaires"},"content":{"rendered":"<h2>Le restaurant scolaire<\/h2>\n<p style=\"padding-left: 30px;\"><em>Situ\u00e9 au sein de l&rsquo;\u00e9cole, il est ouvert les lundi, mardi, jeudi et vendredi.<br \/>\nLes repas sont chauff\u00e9s et mis en assiette sur place. Le co\u00fbt du repas est de 5 \u20ac.<br \/>\nLes inscriptions&nbsp;doivent \u00eatre remises au plus tard le mardi de la semaine pr\u00e9c\u00e9dente \u00e0 8h30.<\/em><\/p>\n<p>Plus de pr\u00e9cisions dans le <a href=\"https:\/\/www.stpaulsuryenne.fr\/wordpress\/wp-content\/uploads\/2016\/10\/R\u00e8glement-restaurant-scolaire.pdf\" target=\"_blank\" rel=\"noopener\">R\u00e8glement du restaurant scolaire<\/a><\/p>\n<p>&nbsp;<\/p>\n<h2>La garderie<\/h2>\n<p style=\"padding-left: 30px;\"><em>Egalement situ\u00e9e dans le b\u00e2timent de l&rsquo;\u00e9cole, elle accueille les enfants d\u00e9s 7h15 jusqu&rsquo;\u00e0 18h30.<\/em><br \/>\n<em>Les horaires d\u00e9taill\u00e9s en encart.<\/em><\/p>\n<p>&nbsp;<\/p>\n","protected":false},"excerpt":{"rendered":"<p>Le restaurant scolaire Situ\u00e9 au sein de l&rsquo;\u00e9cole, il est ouvert les lundi, mardi, jeudi et vendredi. Les repas sont chauff\u00e9s et mis en assiette sur place. Le co\u00fbt du repas est de 5 \u20ac. Les inscriptions&nbsp;doivent \u00eatre remises au plus tard le mardi de la semaine pr\u00e9c\u00e9dente \u00e0 8h30. Plus de pr\u00e9cisions dans le &hellip; <a href=\"https:\/\/www.stpaulsuryenne.fr\/wordpress\/les-temps-periscolaires\/\" class=\"more-link\">Continuer la lecture de <span class=\"screen-reader-text\">Les temps p\u00e9riscolaires<\/span> <span class=\"meta-nav\">&rarr;<\/span><\/a><\/p>\n","protected":false},"author":1,"featured_media":0,"parent":0,"menu_order":0,"comment_status":"closed","ping_status":"closed","template":"","meta":{"ngg_post_thumbnail":0,"footnotes":""},"class_list":["post-23","page","type-page","status-publish","hentry"],"_links":{"self":[{"href":"https:\/\/www.stpaulsuryenne.fr\/wordpress\/wp-json\/wp\/v2\/pages\/23","targetHints":{"allow":["GET"]}}],"collection":[{"href":"https:\/\/www.stpaulsuryenne.fr\/wordpress\/wp-json\/wp\/v2\/pages"}],"about":[{"href":"https:\/\/www.stpaulsuryenne.fr\/wordpress\/wp-json\/wp\/v2\/types\/page"}],"author":[{"embeddable":true,"href":"https:\/\/www.stpaulsuryenne.fr\/wordpress\/wp-json\/wp\/v2\/users\/1"}],"replies":[{"embeddable":true,"href":"https:\/\/www.stpaulsuryenne.fr\/wordpress\/wp-json\/wp\/v2\/comments?post=23"}],"version-history":[{"count":23,"href":"https:\/\/www.stpaulsuryenne.fr\/wordpress\/wp-json\/wp\/v2\/pages\/23\/revisions"}],"predecessor-version":[{"id":2620,"href":"https:\/\/www.stpaulsuryenne.fr\/wordpress\/wp-json\/wp\/v2\/pages\/23\/revisions\/2620"}],"wp:attachment":[{"href":"https:\/\/www.stpaulsuryenne.fr\/wordpress\/wp-json\/wp\/v2\/media?parent=23"}],"curies":[{"name":"wp","href":"https:\/\/api.w.org\/{rel}","templated":true}]}}