
{"id":1452,"date":"2016-12-29T08:59:27","date_gmt":"2016-12-29T07:59:27","guid":{"rendered":"http:\/\/www.stpaulsuryenne.fr\/wordpress\/?page_id=1452"},"modified":"2016-12-29T09:54:36","modified_gmt":"2016-12-29T08:54:36","slug":"les-heros-de-papier","status":"publish","type":"page","link":"https:\/\/www.stpaulsuryenne.fr\/wordpress\/les-heros-de-papier\/","title":{"rendered":"Les h\u00e9ros de papier"},"content":{"rendered":"<h2 style=\"text-align: left;\">Du 9 janvier au 15 f\u00e9vrier 2017<\/h2>\n<p><img loading=\"lazy\" decoding=\"async\" class=\"alignleft wp-image-1443 size-full\" style=\"float: left; border-radius: 10px; margin-left: 25%;\" src=\"https:\/\/www.stpaulsuryenne.fr\/wordpress\/wp-content\/uploads\/2016\/12\/Babar-e1480780809236.jpg\" width=\"150\" height=\"197\" \/><\/p>\n<p><img loading=\"lazy\" decoding=\"async\" class=\"alignleft wp-image-1447 size-full\" style=\"float: left; border-radius: 10px; margin-left: 10%;\" src=\"https:\/\/www.stpaulsuryenne.fr\/wordpress\/wp-content\/uploads\/2016\/10\/Trotro-e1480780918159.jpg\" width=\"150\" height=\"200\" \/><\/p>\n<h1 style=\"text-align: center; padding: 5%;\"><span style=\"color: #ff0000;\">Les h\u00e9ros de papier font leur cin\u00e9ma<\/span><\/h1>\n<p><img loading=\"lazy\" decoding=\"async\" class=\"alignleft wp-image-1445 size-full\" style=\"float: left; border-radius: 10px; margin-left: 5%;\" src=\"https:\/\/www.stpaulsuryenne.fr\/wordpress\/wp-content\/uploads\/2016\/10\/Sophie_Canetang-e1480780974419.jpg\" width=\"150\" height=\"199\" \/><\/p>\n<p><img loading=\"lazy\" decoding=\"async\" class=\"alignleft wp-image-1446 size-full\" style=\"float: left; border-radius: 10px; margin-left: 10%;\" src=\"https:\/\/www.stpaulsuryenne.fr\/wordpress\/wp-content\/uploads\/2016\/10\/Tricycle-e1480781033367.jpg\" width=\"150\" height=\"151\" \/><\/p>\n<p><img loading=\"lazy\" decoding=\"async\" class=\"alignleft wp-image-1444 size-full\" style=\"float: left; border-radius: 10px; margin-left: 10%;\" src=\"https:\/\/www.stpaulsuryenne.fr\/wordpress\/wp-content\/uploads\/2016\/10\/Ouioui-e1480781066864.jpg\" width=\"385\" height=\"200\" \/><\/p>\n","protected":false},"excerpt":{"rendered":"<p>Du 9 janvier au 15 f\u00e9vrier 2017 Les h\u00e9ros de papier font leur cin\u00e9ma<\/p>\n","protected":false},"author":1,"featured_media":0,"parent":0,"menu_order":0,"comment_status":"closed","ping_status":"closed","template":"","meta":{"ngg_post_thumbnail":0,"footnotes":""},"class_list":["post-1452","page","type-page","status-publish","hentry"],"_links":{"self":[{"href":"https:\/\/www.stpaulsuryenne.fr\/wordpress\/wp-json\/wp\/v2\/pages\/1452","targetHints":{"allow":["GET"]}}],"collection":[{"href":"https:\/\/www.stpaulsuryenne.fr\/wordpress\/wp-json\/wp\/v2\/pages"}],"about":[{"href":"https:\/\/www.stpaulsuryenne.fr\/wordpress\/wp-json\/wp\/v2\/types\/page"}],"author":[{"embeddable":true,"href":"https:\/\/www.stpaulsuryenne.fr\/wordpress\/wp-json\/wp\/v2\/users\/1"}],"replies":[{"embeddable":true,"href":"https:\/\/www.stpaulsuryenne.fr\/wordpress\/wp-json\/wp\/v2\/comments?post=1452"}],"version-history":[{"count":35,"href":"https:\/\/www.stpaulsuryenne.fr\/wordpress\/wp-json\/wp\/v2\/pages\/1452\/revisions"}],"predecessor-version":[{"id":1500,"href":"https:\/\/www.stpaulsuryenne.fr\/wordpress\/wp-json\/wp\/v2\/pages\/1452\/revisions\/1500"}],"wp:attachment":[{"href":"https:\/\/www.stpaulsuryenne.fr\/wordpress\/wp-json\/wp\/v2\/media?parent=1452"}],"curies":[{"name":"wp","href":"https:\/\/api.w.org\/{rel}","templated":true}]}}